{"id":2344,"date":"2022-10-31T15:04:50","date_gmt":"2022-10-31T15:04:50","guid":{"rendered":"https:\/\/www.sandrarity.com\/?post_type=product&#038;p=2344"},"modified":"2026-02-23T05:30:08","modified_gmt":"2026-02-23T05:30:08","slug":"bougie-de-massage","status":"publish","type":"product","link":"http:\/\/www.sandrarity.com\/en\/product\/bougie-de-massage","title":{"rendered":"Massage Candle"},"content":{"rendered":"<p class=\" translation-block\">Combine relaxation and body care with our massage candle enriched with organic fig seed oil.\nOrganic prickly pear seed oil. The fragrant oils in our candle come from Grasse, France. The scent of<br>\nfresh fig combines with vanilla and iris to offer you a subtle, indulgent fragrance<br>\nthat will give you an irresistible moment of relaxation.<br>\n100% vegetable and biodegradable rapeseed oil<\/p>","protected":false},"excerpt":{"rendered":"<p>Alliez relaxation et soin corporel avec notre bougie de massage enrichie en huile de p\u00e9pins de figue de barbarie Bio. Les huiles parfum\u00e9es de notre bougie proviennent de Grasse, en France. La senteur de la figue fra\u00eeche s\u2019associe \u00e0 la fleur de vanille et de l\u2019iris pour vous offrir un parfum subtil et gourmand, qui [&hellip;]<\/p>","protected":false},"featured_media":22825,"comment_status":"open","ping_status":"closed","template":"","meta":[],"product_brand":[],"product_cat":[49],"product_tag":[],"class_list":{"0":"post-2344","1":"product","2":"type-product","3":"status-publish","4":"has-post-thumbnail","6":"product_cat-autres-produits","8":"first","9":"instock","10":"taxable","11":"shipping-taxable","12":"purchasable","13":"product-type-simple"},"acf":[],"yoast_head":"<!-- This site is optimized with the Yoast SEO plugin v20.9 - https:\/\/yoast.com\/wordpress\/plugins\/seo\/ -->\n<title>Bougie de Massage - Sand rarity<\/title>\n<meta name=\"robots\" content=\"index, follow, max-snippet:-1, max-image-preview:large, max-video-preview:-1\" \/>\n<link rel=\"canonical\" href=\"http:\/\/www.sandrarity.com\/en\/product\/bougie-de-massage\/\" \/>\n<meta name=\"twitter:card\" content=\"summary_large_image\" \/>\n<meta name=\"twitter:title\" content=\"Bougie de Massage - Sand rarity\" \/>\n<meta name=\"twitter:description\" content=\"Alliez relaxation et soin corporel avec notre bougie de massage enrichie en huile de p\u00e9pins de figue de barbarie Bio. Les huiles parfum\u00e9es de notre bougie proviennent de Grasse, en France. La senteur de la figue fra\u00eeche s\u2019associe \u00e0 la fleur de vanille et de l\u2019iris pour vous offrir un parfum subtil et gourmand, qui [&hellip;]\" \/>\n<meta name=\"twitter:image\" content=\"https:\/\/www.sandrarity.com\/wp-content\/uploads\/2022\/10\/sand-rarity-3-vela-de-mesaje-368.jpg\" \/>\n<meta name=\"twitter:label1\" content=\"Estimated reading time\" \/>\n\t<meta name=\"twitter:data1\" content=\"1 minute\" \/>\n<script type=\"application\/ld+json\" class=\"yoast-schema-graph\">{\"@context\":\"https:\/\/schema.org\",\"@graph\":[{\"@type\":\"WebPage\",\"@id\":\"https:\/\/www.sandrarity.com\/product\/bougie-de-massage\/\",\"url\":\"https:\/\/www.sandrarity.com\/product\/bougie-de-massage\/\",\"name\":\"Bougie de Massage - Sand rarity\",\"isPartOf\":{\"@id\":\"https:\/\/www.sandrarity.com\/#website\"},\"datePublished\":\"2022-10-31T15:04:50+00:00\",\"dateModified\":\"2026-02-23T05:30:08+00:00\",\"breadcrumb\":{\"@id\":\"https:\/\/www.sandrarity.com\/product\/bougie-de-massage\/#breadcrumb\"},\"inLanguage\":\"en-GB\",\"potentialAction\":[{\"@type\":\"ReadAction\",\"target\":[\"https:\/\/www.sandrarity.com\/product\/bougie-de-massage\/\"]}]},{\"@type\":\"BreadcrumbList\",\"@id\":\"https:\/\/www.sandrarity.com\/product\/bougie-de-massage\/#breadcrumb\",\"itemListElement\":[{\"@type\":\"ListItem\",\"position\":1,\"name\":\"Home\",\"item\":\"https:\/\/www.sandrarity.com\/\"},{\"@type\":\"ListItem\",\"position\":2,\"name\":\"Products\",\"item\":\"https:\/\/www.sandrarity.com\/shop\/\"},{\"@type\":\"ListItem\",\"position\":3,\"name\":\"Bougie de Massage\"}]},{\"@type\":\"WebSite\",\"@id\":\"https:\/\/www.sandrarity.com\/#website\",\"url\":\"https:\/\/www.sandrarity.com\/\",\"name\":\"Sand rarity\",\"description\":\"Cosm\u00e9tiques naturels\",\"publisher\":{\"@id\":\"https:\/\/www.sandrarity.com\/#organization\"},\"potentialAction\":[{\"@type\":\"SearchAction\",\"target\":{\"@type\":\"EntryPoint\",\"urlTemplate\":\"https:\/\/www.sandrarity.com\/?s={search_term_string}\"},\"query-input\":\"required name=search_term_string\"}],\"inLanguage\":\"en-GB\"},{\"@type\":\"Organization\",\"@id\":\"https:\/\/www.sandrarity.com\/#organization\",\"name\":\"Sand rarity\",\"url\":\"https:\/\/www.sandrarity.com\/\",\"logo\":{\"@type\":\"ImageObject\",\"inLanguage\":\"en-GB\",\"@id\":\"https:\/\/www.sandrarity.com\/#\/schema\/logo\/image\/\",\"url\":\"https:\/\/www.sandrarity.com\/wp-content\/uploads\/2023\/06\/sand-rarity-cropped-sand-rarity-logo-sandrarity-noir-14-237.png\",\"contentUrl\":\"https:\/\/www.sandrarity.com\/wp-content\/uploads\/2023\/06\/sand-rarity-cropped-sand-rarity-logo-sandrarity-noir-14-237.png\",\"width\":4868,\"height\":2494,\"caption\":\"Sand rarity\"},\"image\":{\"@id\":\"https:\/\/www.sandrarity.com\/#\/schema\/logo\/image\/\"},\"sameAs\":[\"https:\/\/www.facebook.com\/sandraritybeauty\/\",\"https:\/\/www.instagram.com\/sandraritybeauty\/\"]}]}<\/script>\n<!-- \/ Yoast SEO plugin. -->","yoast_head_json":{"title":"Bougie de Massage - Sand rarity","robots":{"index":"index","follow":"follow","max-snippet":"max-snippet:-1","max-image-preview":"max-image-preview:large","max-video-preview":"max-video-preview:-1"},"canonical":"http:\/\/www.sandrarity.com\/en\/product\/bougie-de-massage\/","twitter_card":"summary_large_image","twitter_title":"Bougie de Massage - Sand rarity","twitter_description":"Alliez relaxation et soin corporel avec notre bougie de massage enrichie en huile de p\u00e9pins de figue de barbarie Bio. Les huiles parfum\u00e9es de notre bougie proviennent de Grasse, en France. La senteur de la figue fra\u00eeche s\u2019associe \u00e0 la fleur de vanille et de l\u2019iris pour vous offrir un parfum subtil et gourmand, qui [&hellip;]","twitter_image":"https:\/\/www.sandrarity.com\/wp-content\/uploads\/2022\/10\/sand-rarity-3-vela-de-mesaje-368.jpg","twitter_misc":{"Estimated reading time":"1 minute"},"schema":{"@context":"https:\/\/schema.org","@graph":[{"@type":"WebPage","@id":"https:\/\/www.sandrarity.com\/product\/bougie-de-massage\/","url":"https:\/\/www.sandrarity.com\/product\/bougie-de-massage\/","name":"Bougie de Massage - Sand rarity","isPartOf":{"@id":"https:\/\/www.sandrarity.com\/#website"},"datePublished":"2022-10-31T15:04:50+00:00","dateModified":"2026-02-23T05:30:08+00:00","breadcrumb":{"@id":"https:\/\/www.sandrarity.com\/product\/bougie-de-massage\/#breadcrumb"},"inLanguage":"en-GB","potentialAction":[{"@type":"ReadAction","target":["https:\/\/www.sandrarity.com\/product\/bougie-de-massage\/"]}]},{"@type":"BreadcrumbList","@id":"https:\/\/www.sandrarity.com\/product\/bougie-de-massage\/#breadcrumb","itemListElement":[{"@type":"ListItem","position":1,"name":"Home","item":"https:\/\/www.sandrarity.com\/"},{"@type":"ListItem","position":2,"name":"Products","item":"https:\/\/www.sandrarity.com\/shop\/"},{"@type":"ListItem","position":3,"name":"Bougie de Massage"}]},{"@type":"WebSite","@id":"https:\/\/www.sandrarity.com\/#website","url":"https:\/\/www.sandrarity.com\/","name":"Sand rarity","description":"Cosm\u00e9tiques naturels","publisher":{"@id":"https:\/\/www.sandrarity.com\/#organization"},"potentialAction":[{"@type":"SearchAction","target":{"@type":"EntryPoint","urlTemplate":"https:\/\/www.sandrarity.com\/?s={search_term_string}"},"query-input":"required name=search_term_string"}],"inLanguage":"en-GB"},{"@type":"Organization","@id":"https:\/\/www.sandrarity.com\/#organization","name":"Sand rarity","url":"https:\/\/www.sandrarity.com\/","logo":{"@type":"ImageObject","inLanguage":"en-GB","@id":"https:\/\/www.sandrarity.com\/#\/schema\/logo\/image\/","url":"https:\/\/www.sandrarity.com\/wp-content\/uploads\/2023\/06\/sand-rarity-cropped-sand-rarity-logo-sandrarity-noir-14-237.png","contentUrl":"https:\/\/www.sandrarity.com\/wp-content\/uploads\/2023\/06\/sand-rarity-cropped-sand-rarity-logo-sandrarity-noir-14-237.png","width":4868,"height":2494,"caption":"Sand rarity"},"image":{"@id":"https:\/\/www.sandrarity.com\/#\/schema\/logo\/image\/"},"sameAs":["https:\/\/www.facebook.com\/sandraritybeauty\/","https:\/\/www.instagram.com\/sandraritybeauty\/"]}]}},"_links":{"self":[{"href":"http:\/\/www.sandrarity.com\/en\/wp-json\/wp\/v2\/product\/2344","targetHints":{"allow":["GET"]}}],"collection":[{"href":"http:\/\/www.sandrarity.com\/en\/wp-json\/wp\/v2\/product"}],"about":[{"href":"http:\/\/www.sandrarity.com\/en\/wp-json\/wp\/v2\/types\/product"}],"replies":[{"embeddable":true,"href":"http:\/\/www.sandrarity.com\/en\/wp-json\/wp\/v2\/comments?post=2344"}],"wp:featuredmedia":[{"embeddable":true,"href":"http:\/\/www.sandrarity.com\/en\/wp-json\/wp\/v2\/media\/22825"}],"wp:attachment":[{"href":"http:\/\/www.sandrarity.com\/en\/wp-json\/wp\/v2\/media?parent=2344"}],"wp:term":[{"taxonomy":"product_brand","embeddable":true,"href":"http:\/\/www.sandrarity.com\/en\/wp-json\/wp\/v2\/product_brand?post=2344"},{"taxonomy":"product_cat","embeddable":true,"href":"http:\/\/www.sandrarity.com\/en\/wp-json\/wp\/v2\/product_cat?post=2344"},{"taxonomy":"product_tag","embeddable":true,"href":"http:\/\/www.sandrarity.com\/en\/wp-json\/wp\/v2\/product_tag?post=2344"}],"curies":[{"name":"wp","href":"https:\/\/api.w.org\/{rel}","templated":true}]}}