{"id":1923,"date":"2022-10-30T14:17:16","date_gmt":"2022-10-30T14:17:16","guid":{"rendered":"https:\/\/www.sandrarity.com\/?post_type=product&#038;p=1923"},"modified":"2026-04-12T22:59:21","modified_gmt":"2026-04-12T22:59:21","slug":"serum-contour-des-yeux","status":"publish","type":"product","link":"https:\/\/www.sandrarity.com\/en\/product\/serum-contour-des-yeux","title":{"rendered":"Eye contour Serum"},"content":{"rendered":"<p style=\"text-align: left;\">The dark circle-reducing, puffiness-reducing, and anti-aging benefits of the ingredients in our eye serum<br \/>\nwith prickly pear seed oil give you a brighter-looking eye area daily.<br \/>\nIts light texture feels incredibly pleasant and absorbs perfectly while soothing the sensitive skin around the eyes.<br \/>\n99% natural ingredients.<br \/>\nCosmos Organic certified.<\/p>","protected":false},"excerpt":{"rendered":"<p>Les vertus anti-cernes, anti-poches et anti-\u00e2ge des ingr\u00e9dients contenus dans notre s\u00e9rum contour des yeux \u00e0 l\u2019huile de p\u00e9pins de figue de barbarie bio illuminent votre regard au quotidien. Sa texture l\u00e9g\u00e8re est tr\u00e8s agr\u00e9able et p\u00e9n\u00e8tre parfaitement tout en apaisant la peau sensible du contour de l\u2019\u0153il. 99% d\u2019ingr\u00e9dients d\u2019origine naturelle. Certifi\u00e9 Cosmos Organic.<\/p>","protected":false},"featured_media":11085,"comment_status":"open","ping_status":"closed","template":"","meta":[],"product_brand":[],"product_cat":[43],"product_tag":[],"class_list":{"0":"post-1923","1":"product","2":"type-product","3":"status-publish","4":"has-post-thumbnail","6":"product_cat-routine","8":"first","9":"instock","10":"taxable","11":"shipping-taxable","12":"purchasable","13":"product-type-simple"},"acf":[],"yoast_head":"<!-- This site is optimized with the Yoast SEO plugin v20.9 - https:\/\/yoast.com\/wordpress\/plugins\/seo\/ -->\n<title>S\u00e9rum contour des Yeux - Sand rarity<\/title>\n<meta name=\"robots\" content=\"index, follow, max-snippet:-1, max-image-preview:large, max-video-preview:-1\" \/>\n<link rel=\"canonical\" href=\"https:\/\/www.sandrarity.com\/en\/product\/serum-contour-des-yeux\/\" \/>\n<meta name=\"twitter:card\" content=\"summary_large_image\" \/>\n<meta name=\"twitter:title\" content=\"S\u00e9rum contour des Yeux - Sand rarity\" \/>\n<meta name=\"twitter:description\" content=\"Les vertus anti-cernes, anti-poches et anti-\u00e2ge des ingr\u00e9dients contenus dans notre s\u00e9rum contour des yeux \u00e0 l\u2019huile de p\u00e9pins de figue de barbarie bio illuminent votre regard au quotidien. Sa texture l\u00e9g\u00e8re est tr\u00e8s agr\u00e9able et p\u00e9n\u00e8tre parfaitement tout en apaisant la peau sensible du contour de l\u2019\u0153il. 99% d\u2019ingr\u00e9dients d\u2019origine naturelle. Certifi\u00e9 Cosmos Organic.\" \/>\n<meta name=\"twitter:image\" content=\"https:\/\/www.sandrarity.com\/wp-content\/uploads\/2022\/10\/sand-rarity-1-Page-Accueil-1-3.png\" \/>\n<meta name=\"twitter:label1\" content=\"Estimated reading time\" \/>\n\t<meta name=\"twitter:data1\" content=\"1 minute\" \/>\n<script type=\"application\/ld+json\" class=\"yoast-schema-graph\">{\"@context\":\"https:\/\/schema.org\",\"@graph\":[{\"@type\":\"WebPage\",\"@id\":\"https:\/\/www.sandrarity.com\/product\/serum-contour-des-yeux\/\",\"url\":\"https:\/\/www.sandrarity.com\/product\/serum-contour-des-yeux\/\",\"name\":\"S\u00e9rum contour des Yeux - Sand rarity\",\"isPartOf\":{\"@id\":\"https:\/\/www.sandrarity.com\/#website\"},\"datePublished\":\"2022-10-30T14:17:16+00:00\",\"dateModified\":\"2026-04-12T22:59:21+00:00\",\"breadcrumb\":{\"@id\":\"https:\/\/www.sandrarity.com\/product\/serum-contour-des-yeux\/#breadcrumb\"},\"inLanguage\":\"en-GB\",\"potentialAction\":[{\"@type\":\"ReadAction\",\"target\":[\"https:\/\/www.sandrarity.com\/product\/serum-contour-des-yeux\/\"]}]},{\"@type\":\"BreadcrumbList\",\"@id\":\"https:\/\/www.sandrarity.com\/product\/serum-contour-des-yeux\/#breadcrumb\",\"itemListElement\":[{\"@type\":\"ListItem\",\"position\":1,\"name\":\"Home\",\"item\":\"https:\/\/www.sandrarity.com\/\"},{\"@type\":\"ListItem\",\"position\":2,\"name\":\"Products\",\"item\":\"https:\/\/www.sandrarity.com\/shop\/\"},{\"@type\":\"ListItem\",\"position\":3,\"name\":\"S\u00e9rum contour des Yeux\"}]},{\"@type\":\"WebSite\",\"@id\":\"https:\/\/www.sandrarity.com\/#website\",\"url\":\"https:\/\/www.sandrarity.com\/\",\"name\":\"Sand rarity\",\"description\":\"Cosm\u00e9tiques naturels\",\"publisher\":{\"@id\":\"https:\/\/www.sandrarity.com\/#organization\"},\"potentialAction\":[{\"@type\":\"SearchAction\",\"target\":{\"@type\":\"EntryPoint\",\"urlTemplate\":\"https:\/\/www.sandrarity.com\/?s={search_term_string}\"},\"query-input\":\"required name=search_term_string\"}],\"inLanguage\":\"en-GB\"},{\"@type\":\"Organization\",\"@id\":\"https:\/\/www.sandrarity.com\/#organization\",\"name\":\"Sand rarity\",\"url\":\"https:\/\/www.sandrarity.com\/\",\"logo\":{\"@type\":\"ImageObject\",\"inLanguage\":\"en-GB\",\"@id\":\"https:\/\/www.sandrarity.com\/#\/schema\/logo\/image\/\",\"url\":\"https:\/\/www.sandrarity.com\/wp-content\/uploads\/2023\/06\/sand-rarity-cropped-sand-rarity-logo-sandrarity-noir-14-237.png\",\"contentUrl\":\"https:\/\/www.sandrarity.com\/wp-content\/uploads\/2023\/06\/sand-rarity-cropped-sand-rarity-logo-sandrarity-noir-14-237.png\",\"width\":4868,\"height\":2494,\"caption\":\"Sand rarity\"},\"image\":{\"@id\":\"https:\/\/www.sandrarity.com\/#\/schema\/logo\/image\/\"},\"sameAs\":[\"https:\/\/www.facebook.com\/sandraritybeauty\/\",\"https:\/\/www.instagram.com\/sandraritybeauty\/\"]}]}<\/script>\n<!-- \/ Yoast SEO plugin. -->","yoast_head_json":{"title":"S\u00e9rum contour des Yeux - Sand rarity","robots":{"index":"index","follow":"follow","max-snippet":"max-snippet:-1","max-image-preview":"max-image-preview:large","max-video-preview":"max-video-preview:-1"},"canonical":"https:\/\/www.sandrarity.com\/en\/product\/serum-contour-des-yeux\/","twitter_card":"summary_large_image","twitter_title":"S\u00e9rum contour des Yeux - Sand rarity","twitter_description":"Les vertus anti-cernes, anti-poches et anti-\u00e2ge des ingr\u00e9dients contenus dans notre s\u00e9rum contour des yeux \u00e0 l\u2019huile de p\u00e9pins de figue de barbarie bio illuminent votre regard au quotidien. Sa texture l\u00e9g\u00e8re est tr\u00e8s agr\u00e9able et p\u00e9n\u00e8tre parfaitement tout en apaisant la peau sensible du contour de l\u2019\u0153il. 99% d\u2019ingr\u00e9dients d\u2019origine naturelle. Certifi\u00e9 Cosmos Organic.","twitter_image":"https:\/\/www.sandrarity.com\/wp-content\/uploads\/2022\/10\/sand-rarity-1-Page-Accueil-1-3.png","twitter_misc":{"Estimated reading time":"1 minute"},"schema":{"@context":"https:\/\/schema.org","@graph":[{"@type":"WebPage","@id":"https:\/\/www.sandrarity.com\/product\/serum-contour-des-yeux\/","url":"https:\/\/www.sandrarity.com\/product\/serum-contour-des-yeux\/","name":"S\u00e9rum contour des Yeux - Sand rarity","isPartOf":{"@id":"https:\/\/www.sandrarity.com\/#website"},"datePublished":"2022-10-30T14:17:16+00:00","dateModified":"2026-04-12T22:59:21+00:00","breadcrumb":{"@id":"https:\/\/www.sandrarity.com\/product\/serum-contour-des-yeux\/#breadcrumb"},"inLanguage":"en-GB","potentialAction":[{"@type":"ReadAction","target":["https:\/\/www.sandrarity.com\/product\/serum-contour-des-yeux\/"]}]},{"@type":"BreadcrumbList","@id":"https:\/\/www.sandrarity.com\/product\/serum-contour-des-yeux\/#breadcrumb","itemListElement":[{"@type":"ListItem","position":1,"name":"Home","item":"https:\/\/www.sandrarity.com\/"},{"@type":"ListItem","position":2,"name":"Products","item":"https:\/\/www.sandrarity.com\/shop\/"},{"@type":"ListItem","position":3,"name":"S\u00e9rum contour des Yeux"}]},{"@type":"WebSite","@id":"https:\/\/www.sandrarity.com\/#website","url":"https:\/\/www.sandrarity.com\/","name":"Sand rarity","description":"Cosm\u00e9tiques naturels","publisher":{"@id":"https:\/\/www.sandrarity.com\/#organization"},"potentialAction":[{"@type":"SearchAction","target":{"@type":"EntryPoint","urlTemplate":"https:\/\/www.sandrarity.com\/?s={search_term_string}"},"query-input":"required name=search_term_string"}],"inLanguage":"en-GB"},{"@type":"Organization","@id":"https:\/\/www.sandrarity.com\/#organization","name":"Sand rarity","url":"https:\/\/www.sandrarity.com\/","logo":{"@type":"ImageObject","inLanguage":"en-GB","@id":"https:\/\/www.sandrarity.com\/#\/schema\/logo\/image\/","url":"https:\/\/www.sandrarity.com\/wp-content\/uploads\/2023\/06\/sand-rarity-cropped-sand-rarity-logo-sandrarity-noir-14-237.png","contentUrl":"https:\/\/www.sandrarity.com\/wp-content\/uploads\/2023\/06\/sand-rarity-cropped-sand-rarity-logo-sandrarity-noir-14-237.png","width":4868,"height":2494,"caption":"Sand rarity"},"image":{"@id":"https:\/\/www.sandrarity.com\/#\/schema\/logo\/image\/"},"sameAs":["https:\/\/www.facebook.com\/sandraritybeauty\/","https:\/\/www.instagram.com\/sandraritybeauty\/"]}]}},"_links":{"self":[{"href":"https:\/\/www.sandrarity.com\/en\/wp-json\/wp\/v2\/product\/1923","targetHints":{"allow":["GET"]}}],"collection":[{"href":"https:\/\/www.sandrarity.com\/en\/wp-json\/wp\/v2\/product"}],"about":[{"href":"https:\/\/www.sandrarity.com\/en\/wp-json\/wp\/v2\/types\/product"}],"replies":[{"embeddable":true,"href":"https:\/\/www.sandrarity.com\/en\/wp-json\/wp\/v2\/comments?post=1923"}],"wp:featuredmedia":[{"embeddable":true,"href":"https:\/\/www.sandrarity.com\/en\/wp-json\/wp\/v2\/media\/11085"}],"wp:attachment":[{"href":"https:\/\/www.sandrarity.com\/en\/wp-json\/wp\/v2\/media?parent=1923"}],"wp:term":[{"taxonomy":"product_brand","embeddable":true,"href":"https:\/\/www.sandrarity.com\/en\/wp-json\/wp\/v2\/product_brand?post=1923"},{"taxonomy":"product_cat","embeddable":true,"href":"https:\/\/www.sandrarity.com\/en\/wp-json\/wp\/v2\/product_cat?post=1923"},{"taxonomy":"product_tag","embeddable":true,"href":"https:\/\/www.sandrarity.com\/en\/wp-json\/wp\/v2\/product_tag?post=1923"}],"curies":[{"name":"wp","href":"https:\/\/api.w.org\/{rel}","templated":true}]}}