{"id":2343,"date":"2022-10-31T15:00:05","date_gmt":"2022-10-31T15:00:05","guid":{"rendered":"https:\/\/www.sandrarity.com\/?post_type=product&#038;p=2343"},"modified":"2026-02-23T05:30:29","modified_gmt":"2026-02-23T05:30:29","slug":"savon-visage","status":"publish","type":"product","link":"https:\/\/www.sandrarity.com\/en\/product\/savon-visage","title":{"rendered":"Face Soap"},"content":{"rendered":"<p class=\" translation-block\">Our organic prickly pear seed oil face soap is handcrafted using cold-pressed, it gently purifies and moisturizes the skin without drying it out and is suitable for all skin types, for daily use and also as a mask.\nCertified Cosmos Natural by Ecocert.\nComposed of 99.9% ingredients of natural origin.<\/p>","protected":false},"excerpt":{"rendered":"<p>Notre Savon visage \u00e0 l\u2019huile de p\u00e9pins de figue de barbarie bio est issu de la fabrication artisanale par pression \u00e0 froid, il purifie et hydrate la peau en douceur sans l\u2019ass\u00e9cher et convient \u00e0 tous types de peau, \u00e0 usage quotidien et \u00e9galement en masque. Certifi\u00e9 Cosmos Natural par Ecocert. Compos\u00e9 \u00e0 99,9 % [&hellip;]<\/p>","protected":false},"featured_media":11077,"comment_status":"open","ping_status":"closed","template":"","meta":[],"product_brand":[],"product_cat":[43],"product_tag":[],"class_list":{"0":"post-2343","1":"product","2":"type-product","3":"status-publish","4":"has-post-thumbnail","6":"product_cat-routine","8":"first","9":"instock","10":"taxable","11":"shipping-taxable","12":"purchasable","13":"product-type-simple"},"acf":[],"yoast_head":"<!-- This site is optimized with the Yoast SEO plugin v20.9 - https:\/\/yoast.com\/wordpress\/plugins\/seo\/ -->\n<title>Savon visage - Sand rarity<\/title>\n<meta name=\"robots\" content=\"index, follow, max-snippet:-1, max-image-preview:large, max-video-preview:-1\" \/>\n<link rel=\"canonical\" href=\"https:\/\/www.sandrarity.com\/en\/product\/savon-visage\/\" \/>\n<meta name=\"twitter:card\" content=\"summary_large_image\" \/>\n<meta name=\"twitter:title\" content=\"Savon visage - Sand rarity\" \/>\n<meta name=\"twitter:description\" content=\"Notre Savon visage \u00e0 l\u2019huile de p\u00e9pins de figue de barbarie bio est issu de la fabrication artisanale par pression \u00e0 froid, il purifie et hydrate la peau en douceur sans l\u2019ass\u00e9cher et convient \u00e0 tous types de peau, \u00e0 usage quotidien et \u00e9galement en masque. Certifi\u00e9 Cosmos Natural par Ecocert. Compos\u00e9 \u00e0 99,9 % [&hellip;]\" \/>\n<meta name=\"twitter:image\" content=\"https:\/\/www.sandrarity.com\/wp-content\/uploads\/2022\/10\/sand-rarity-1-Page-Accueil-1-1.png\" \/>\n<meta name=\"twitter:label1\" content=\"Estimated reading time\" \/>\n\t<meta name=\"twitter:data1\" content=\"1 minute\" \/>\n<script type=\"application\/ld+json\" class=\"yoast-schema-graph\">{\"@context\":\"https:\/\/schema.org\",\"@graph\":[{\"@type\":\"WebPage\",\"@id\":\"https:\/\/www.sandrarity.com\/product\/savon-visage\/\",\"url\":\"https:\/\/www.sandrarity.com\/product\/savon-visage\/\",\"name\":\"Savon visage - Sand rarity\",\"isPartOf\":{\"@id\":\"https:\/\/www.sandrarity.com\/#website\"},\"datePublished\":\"2022-10-31T15:00:05+00:00\",\"dateModified\":\"2026-02-23T05:30:29+00:00\",\"breadcrumb\":{\"@id\":\"https:\/\/www.sandrarity.com\/product\/savon-visage\/#breadcrumb\"},\"inLanguage\":\"en-GB\",\"potentialAction\":[{\"@type\":\"ReadAction\",\"target\":[\"https:\/\/www.sandrarity.com\/product\/savon-visage\/\"]}]},{\"@type\":\"BreadcrumbList\",\"@id\":\"https:\/\/www.sandrarity.com\/product\/savon-visage\/#breadcrumb\",\"itemListElement\":[{\"@type\":\"ListItem\",\"position\":1,\"name\":\"Home\",\"item\":\"https:\/\/www.sandrarity.com\/\"},{\"@type\":\"ListItem\",\"position\":2,\"name\":\"Products\",\"item\":\"https:\/\/www.sandrarity.com\/shop\/\"},{\"@type\":\"ListItem\",\"position\":3,\"name\":\"Savon visage\"}]},{\"@type\":\"WebSite\",\"@id\":\"https:\/\/www.sandrarity.com\/#website\",\"url\":\"https:\/\/www.sandrarity.com\/\",\"name\":\"Sand rarity\",\"description\":\"Cosm\u00e9tiques naturels\",\"publisher\":{\"@id\":\"https:\/\/www.sandrarity.com\/#organization\"},\"potentialAction\":[{\"@type\":\"SearchAction\",\"target\":{\"@type\":\"EntryPoint\",\"urlTemplate\":\"https:\/\/www.sandrarity.com\/?s={search_term_string}\"},\"query-input\":\"required name=search_term_string\"}],\"inLanguage\":\"en-GB\"},{\"@type\":\"Organization\",\"@id\":\"https:\/\/www.sandrarity.com\/#organization\",\"name\":\"Sand rarity\",\"url\":\"https:\/\/www.sandrarity.com\/\",\"logo\":{\"@type\":\"ImageObject\",\"inLanguage\":\"en-GB\",\"@id\":\"https:\/\/www.sandrarity.com\/#\/schema\/logo\/image\/\",\"url\":\"https:\/\/www.sandrarity.com\/wp-content\/uploads\/2023\/06\/sand-rarity-cropped-sand-rarity-logo-sandrarity-noir-14-237.png\",\"contentUrl\":\"https:\/\/www.sandrarity.com\/wp-content\/uploads\/2023\/06\/sand-rarity-cropped-sand-rarity-logo-sandrarity-noir-14-237.png\",\"width\":4868,\"height\":2494,\"caption\":\"Sand rarity\"},\"image\":{\"@id\":\"https:\/\/www.sandrarity.com\/#\/schema\/logo\/image\/\"},\"sameAs\":[\"https:\/\/www.facebook.com\/sandraritybeauty\/\",\"https:\/\/www.instagram.com\/sandraritybeauty\/\"]}]}<\/script>\n<!-- \/ Yoast SEO plugin. -->","yoast_head_json":{"title":"Savon visage - Sand rarity","robots":{"index":"index","follow":"follow","max-snippet":"max-snippet:-1","max-image-preview":"max-image-preview:large","max-video-preview":"max-video-preview:-1"},"canonical":"https:\/\/www.sandrarity.com\/en\/product\/savon-visage\/","twitter_card":"summary_large_image","twitter_title":"Savon visage - Sand rarity","twitter_description":"Notre Savon visage \u00e0 l\u2019huile de p\u00e9pins de figue de barbarie bio est issu de la fabrication artisanale par pression \u00e0 froid, il purifie et hydrate la peau en douceur sans l\u2019ass\u00e9cher et convient \u00e0 tous types de peau, \u00e0 usage quotidien et \u00e9galement en masque. Certifi\u00e9 Cosmos Natural par Ecocert. Compos\u00e9 \u00e0 99,9 % [&hellip;]","twitter_image":"https:\/\/www.sandrarity.com\/wp-content\/uploads\/2022\/10\/sand-rarity-1-Page-Accueil-1-1.png","twitter_misc":{"Estimated reading time":"1 minute"},"schema":{"@context":"https:\/\/schema.org","@graph":[{"@type":"WebPage","@id":"https:\/\/www.sandrarity.com\/product\/savon-visage\/","url":"https:\/\/www.sandrarity.com\/product\/savon-visage\/","name":"Savon visage - Sand rarity","isPartOf":{"@id":"https:\/\/www.sandrarity.com\/#website"},"datePublished":"2022-10-31T15:00:05+00:00","dateModified":"2026-02-23T05:30:29+00:00","breadcrumb":{"@id":"https:\/\/www.sandrarity.com\/product\/savon-visage\/#breadcrumb"},"inLanguage":"en-GB","potentialAction":[{"@type":"ReadAction","target":["https:\/\/www.sandrarity.com\/product\/savon-visage\/"]}]},{"@type":"BreadcrumbList","@id":"https:\/\/www.sandrarity.com\/product\/savon-visage\/#breadcrumb","itemListElement":[{"@type":"ListItem","position":1,"name":"Home","item":"https:\/\/www.sandrarity.com\/"},{"@type":"ListItem","position":2,"name":"Products","item":"https:\/\/www.sandrarity.com\/shop\/"},{"@type":"ListItem","position":3,"name":"Savon visage"}]},{"@type":"WebSite","@id":"https:\/\/www.sandrarity.com\/#website","url":"https:\/\/www.sandrarity.com\/","name":"Sand rarity","description":"Cosm\u00e9tiques naturels","publisher":{"@id":"https:\/\/www.sandrarity.com\/#organization"},"potentialAction":[{"@type":"SearchAction","target":{"@type":"EntryPoint","urlTemplate":"https:\/\/www.sandrarity.com\/?s={search_term_string}"},"query-input":"required name=search_term_string"}],"inLanguage":"en-GB"},{"@type":"Organization","@id":"https:\/\/www.sandrarity.com\/#organization","name":"Sand rarity","url":"https:\/\/www.sandrarity.com\/","logo":{"@type":"ImageObject","inLanguage":"en-GB","@id":"https:\/\/www.sandrarity.com\/#\/schema\/logo\/image\/","url":"https:\/\/www.sandrarity.com\/wp-content\/uploads\/2023\/06\/sand-rarity-cropped-sand-rarity-logo-sandrarity-noir-14-237.png","contentUrl":"https:\/\/www.sandrarity.com\/wp-content\/uploads\/2023\/06\/sand-rarity-cropped-sand-rarity-logo-sandrarity-noir-14-237.png","width":4868,"height":2494,"caption":"Sand rarity"},"image":{"@id":"https:\/\/www.sandrarity.com\/#\/schema\/logo\/image\/"},"sameAs":["https:\/\/www.facebook.com\/sandraritybeauty\/","https:\/\/www.instagram.com\/sandraritybeauty\/"]}]}},"_links":{"self":[{"href":"https:\/\/www.sandrarity.com\/en\/wp-json\/wp\/v2\/product\/2343","targetHints":{"allow":["GET"]}}],"collection":[{"href":"https:\/\/www.sandrarity.com\/en\/wp-json\/wp\/v2\/product"}],"about":[{"href":"https:\/\/www.sandrarity.com\/en\/wp-json\/wp\/v2\/types\/product"}],"replies":[{"embeddable":true,"href":"https:\/\/www.sandrarity.com\/en\/wp-json\/wp\/v2\/comments?post=2343"}],"wp:featuredmedia":[{"embeddable":true,"href":"https:\/\/www.sandrarity.com\/en\/wp-json\/wp\/v2\/media\/11077"}],"wp:attachment":[{"href":"https:\/\/www.sandrarity.com\/en\/wp-json\/wp\/v2\/media?parent=2343"}],"wp:term":[{"taxonomy":"product_brand","embeddable":true,"href":"https:\/\/www.sandrarity.com\/en\/wp-json\/wp\/v2\/product_brand?post=2343"},{"taxonomy":"product_cat","embeddable":true,"href":"https:\/\/www.sandrarity.com\/en\/wp-json\/wp\/v2\/product_cat?post=2343"},{"taxonomy":"product_tag","embeddable":true,"href":"https:\/\/www.sandrarity.com\/en\/wp-json\/wp\/v2\/product_tag?post=2343"}],"curies":[{"name":"wp","href":"https:\/\/api.w.org\/{rel}","templated":true}]}}